{"id":286,"date":"2025-08-12T04:52:02","date_gmt":"2025-08-12T04:52:02","guid":{"rendered":"https:\/\/electionrigstg.wpenginepowered.com\/inicio\/"},"modified":"2025-09-10T22:44:07","modified_gmt":"2025-09-10T22:44:07","slug":"inicio","status":"publish","type":"page","link":"https:\/\/stopelectionrigging.com\/es\/","title":{"rendered":"Inicio"},"content":{"rendered":"","protected":false},"excerpt":{"rendered":"","protected":false},"author":1,"featured_media":0,"parent":0,"menu_order":0,"comment_status":"closed","ping_status":"closed","template":"","meta":{"_acf_changed":false,"footnotes":""},"class_list":["post-286","page","type-page","status-publish","hentry"],"acf":[],"yoast_head":"<!-- This site is optimized with the Yoast SEO plugin v27.3 - https:\/\/yoast.com\/product\/yoast-seo-wordpress\/ -->\n<title>The Election Rigging Response Act<\/title>\n<meta name=\"robots\" content=\"index, follow, max-snippet:-1, max-image-preview:large, max-video-preview:-1\" \/>\n<link rel=\"canonical\" href=\"https:\/\/stopelectionrigging.com\/es\/\" \/>\n<meta property=\"og:locale\" content=\"es_ES\" \/>\n<meta property=\"og:type\" content=\"article\" \/>\n<meta property=\"og:title\" content=\"S\u00ed a la 50 \u2013 la ley de respuesta a la manipulaci\u00f3n electoral\" \/>\n<meta property=\"og:description\" content=\"Trump y los republicanos de Texas se est\u00e1n moviendo para manipular las elecciones de 2026, y otros estados del Partido Republicano se est\u00e1n uniendo. Si los californianos no act\u00faan ahora, podr\u00edan apoderarse del Congreso sin importar c\u00f3mo votemos.\" \/>\n<meta property=\"og:url\" content=\"https:\/\/stopelectionrigging.com\/es\/\" \/>\n<meta property=\"og:site_name\" content=\"The Election Rigging Response Act\" \/>\n<meta property=\"article:modified_time\" content=\"2025-09-10T22:44:07+00:00\" \/>\n<meta property=\"og:image\" content=\"https:\/\/stopelectionrigging.com\/wp-content\/uploads\/2025\/08\/250819-yes-on-50-main.svg\" \/>\n<meta name=\"twitter:card\" content=\"summary_large_image\" \/>\n<script type=\"application\/ld+json\" class=\"yoast-schema-graph\">{\"@context\":\"https:\\\/\\\/schema.org\",\"@graph\":[{\"@type\":\"WebPage\",\"@id\":\"https:\\\/\\\/stopelectionrigging.com\\\/es\\\/\",\"url\":\"https:\\\/\\\/stopelectionrigging.com\\\/es\\\/\",\"name\":\"The Election Rigging Response Act\",\"isPartOf\":{\"@id\":\"https:\\\/\\\/stopelectionrigging.com\\\/es\\\/#website\"},\"datePublished\":\"2025-08-12T04:52:02+00:00\",\"dateModified\":\"2025-09-10T22:44:07+00:00\",\"breadcrumb\":{\"@id\":\"https:\\\/\\\/stopelectionrigging.com\\\/es\\\/#breadcrumb\"},\"inLanguage\":\"es\",\"potentialAction\":[{\"@type\":\"ReadAction\",\"target\":[\"https:\\\/\\\/stopelectionrigging.com\\\/es\\\/\"]}]},{\"@type\":\"BreadcrumbList\",\"@id\":\"https:\\\/\\\/stopelectionrigging.com\\\/es\\\/#breadcrumb\",\"itemListElement\":[{\"@type\":\"ListItem\",\"position\":1,\"name\":\"Home\",\"item\":\"https:\\\/\\\/stopelectionrigging.com\\\/es\\\/\"},{\"@type\":\"ListItem\",\"position\":2,\"name\":\"Inicio\"}]},{\"@type\":\"WebSite\",\"@id\":\"https:\\\/\\\/stopelectionrigging.com\\\/es\\\/#website\",\"url\":\"https:\\\/\\\/stopelectionrigging.com\\\/es\\\/\",\"name\":\"The Election Rigging Response Act\",\"description\":\"\",\"publisher\":{\"@id\":\"https:\\\/\\\/stopelectionrigging.com\\\/es\\\/#organization\"},\"potentialAction\":[{\"@type\":\"SearchAction\",\"target\":{\"@type\":\"EntryPoint\",\"urlTemplate\":\"https:\\\/\\\/stopelectionrigging.com\\\/es\\\/?s={search_term_string}\"},\"query-input\":{\"@type\":\"PropertyValueSpecification\",\"valueRequired\":true,\"valueName\":\"search_term_string\"}}],\"inLanguage\":\"es\"},{\"@type\":\"Organization\",\"@id\":\"https:\\\/\\\/stopelectionrigging.com\\\/es\\\/#organization\",\"name\":\"Election Rigging Response Act\",\"url\":\"https:\\\/\\\/stopelectionrigging.com\\\/es\\\/\",\"logo\":{\"@type\":\"ImageObject\",\"inLanguage\":\"es\",\"@id\":\"https:\\\/\\\/stopelectionrigging.com\\\/es\\\/#\\\/schema\\\/logo\\\/image\\\/\",\"url\":\"https:\\\/\\\/stopelectionrigging.com\\\/wp-content\\\/uploads\\\/2025\\\/08\\\/erra-org-logo.png\",\"contentUrl\":\"https:\\\/\\\/stopelectionrigging.com\\\/wp-content\\\/uploads\\\/2025\\\/08\\\/erra-org-logo.png\",\"width\":1024,\"height\":1025,\"caption\":\"Election Rigging Response Act\"},\"image\":{\"@id\":\"https:\\\/\\\/stopelectionrigging.com\\\/es\\\/#\\\/schema\\\/logo\\\/image\\\/\"}}]}<\/script>\n<!-- \/ Yoast SEO plugin. -->","yoast_head_json":{"title":"The Election Rigging Response Act","robots":{"index":"index","follow":"follow","max-snippet":"max-snippet:-1","max-image-preview":"max-image-preview:large","max-video-preview":"max-video-preview:-1"},"canonical":"https:\/\/stopelectionrigging.com\/es\/","og_locale":"es_ES","og_type":"article","og_title":"S\u00ed a la 50 \u2013 la ley de respuesta a la manipulaci\u00f3n electoral","og_description":"Trump y los republicanos de Texas se est\u00e1n moviendo para manipular las elecciones de 2026, y otros estados del Partido Republicano se est\u00e1n uniendo. Si los californianos no act\u00faan ahora, podr\u00edan apoderarse del Congreso sin importar c\u00f3mo votemos.","og_url":"https:\/\/stopelectionrigging.com\/es\/","og_site_name":"The Election Rigging Response Act","article_modified_time":"2025-09-10T22:44:07+00:00","og_image":[{"url":"https:\/\/stopelectionrigging.com\/wp-content\/uploads\/2025\/08\/250819-yes-on-50-main.svg","type":"","width":"","height":""}],"twitter_card":"summary_large_image","schema":{"@context":"https:\/\/schema.org","@graph":[{"@type":"WebPage","@id":"https:\/\/stopelectionrigging.com\/es\/","url":"https:\/\/stopelectionrigging.com\/es\/","name":"The Election Rigging Response Act","isPartOf":{"@id":"https:\/\/stopelectionrigging.com\/es\/#website"},"datePublished":"2025-08-12T04:52:02+00:00","dateModified":"2025-09-10T22:44:07+00:00","breadcrumb":{"@id":"https:\/\/stopelectionrigging.com\/es\/#breadcrumb"},"inLanguage":"es","potentialAction":[{"@type":"ReadAction","target":["https:\/\/stopelectionrigging.com\/es\/"]}]},{"@type":"BreadcrumbList","@id":"https:\/\/stopelectionrigging.com\/es\/#breadcrumb","itemListElement":[{"@type":"ListItem","position":1,"name":"Home","item":"https:\/\/stopelectionrigging.com\/es\/"},{"@type":"ListItem","position":2,"name":"Inicio"}]},{"@type":"WebSite","@id":"https:\/\/stopelectionrigging.com\/es\/#website","url":"https:\/\/stopelectionrigging.com\/es\/","name":"The Election Rigging Response Act","description":"","publisher":{"@id":"https:\/\/stopelectionrigging.com\/es\/#organization"},"potentialAction":[{"@type":"SearchAction","target":{"@type":"EntryPoint","urlTemplate":"https:\/\/stopelectionrigging.com\/es\/?s={search_term_string}"},"query-input":{"@type":"PropertyValueSpecification","valueRequired":true,"valueName":"search_term_string"}}],"inLanguage":"es"},{"@type":"Organization","@id":"https:\/\/stopelectionrigging.com\/es\/#organization","name":"Election Rigging Response Act","url":"https:\/\/stopelectionrigging.com\/es\/","logo":{"@type":"ImageObject","inLanguage":"es","@id":"https:\/\/stopelectionrigging.com\/es\/#\/schema\/logo\/image\/","url":"https:\/\/stopelectionrigging.com\/wp-content\/uploads\/2025\/08\/erra-org-logo.png","contentUrl":"https:\/\/stopelectionrigging.com\/wp-content\/uploads\/2025\/08\/erra-org-logo.png","width":1024,"height":1025,"caption":"Election Rigging Response Act"},"image":{"@id":"https:\/\/stopelectionrigging.com\/es\/#\/schema\/logo\/image\/"}}]}},"_links":{"self":[{"href":"https:\/\/stopelectionrigging.com\/es\/wp-json\/wp\/v2\/pages\/286","targetHints":{"allow":["GET"]}}],"collection":[{"href":"https:\/\/stopelectionrigging.com\/es\/wp-json\/wp\/v2\/pages"}],"about":[{"href":"https:\/\/stopelectionrigging.com\/es\/wp-json\/wp\/v2\/types\/page"}],"author":[{"embeddable":true,"href":"https:\/\/stopelectionrigging.com\/es\/wp-json\/wp\/v2\/users\/1"}],"replies":[{"embeddable":true,"href":"https:\/\/stopelectionrigging.com\/es\/wp-json\/wp\/v2\/comments?post=286"}],"version-history":[{"count":0,"href":"https:\/\/stopelectionrigging.com\/es\/wp-json\/wp\/v2\/pages\/286\/revisions"}],"wp:attachment":[{"href":"https:\/\/stopelectionrigging.com\/es\/wp-json\/wp\/v2\/media?parent=286"}],"curies":[{"name":"wp","href":"https:\/\/api.w.org\/{rel}","templated":true}]}}